{"id":100,"date":"2018-08-06T18:11:25","date_gmt":"2018-08-06T18:11:25","guid":{"rendered":"https:\/\/bootstraptemplate.net\/themes-wp\/srk\/?page_id=100"},"modified":"2021-12-30T16:47:18","modified_gmt":"2021-12-30T15:47:18","slug":"home-particle","status":"publish","type":"page","link":"https:\/\/www.hotel-iptv.at\/","title":{"rendered":"Start"},"content":{"rendered":"<p><section class=\"kc-elm kc-css-246478 kc_row\"><div class=\"kc-row-container\"><div class=\"kc-wrap-columns\"><div class=\"kc-elm kc-css-730535 kc_col-sm-12 kc_column kc_col-sm-12\"><div class=\"kc-col-container\">\n<!-- START HOME -->\n<section data-stellar-background-ratio=\"0.3\" id=\"home\" class=\"home_bg \" style=\"background-image: url(https:\/\/www.hotel-iptv.at\/wp-content\/uploads\/2021\/12\/room-gb53664a05_1920-1.jpg);  background-size:cover; background-position: center center;\">\n\t\t\t<div id=\"particles-js\"><\/div>\n\t\t<div class=\"container\">\n\t\t<div class=\"row\">\n\t\t  <div class=\"col-lg-12 col-sm-12 col-xs-12 text-center\">\n\t\t\t<div class=\"hero-text\">\n\t\t\t\t<h3>Neue Wege - neue M\u00f6glichkeiten<\/h3>\n\t\t\t\t<h1>Das Hotel-TV der Zukunft<\/h1>\n\t\t\t\t <p>Der Fortschritt steht niemals still und so w\u00e4chst auch der Anspruch des Gastes mit. <br> IPTV, Netflix, Youtube &amp; Co suchen immer mehr den Einzug in das moderne Hotel.<\/p>\n\t\t\t\t<div class=\"home_btn\">\n\t\t\t\t\t\t\t\t\t\t\t<a class=\"learn_btn\" href=\"#portfolio\">Produkte<\/a>\n\t\t\t\t\t\t\t\t\t\t\t<a class=\"get_btn\" href=\"#service\">Leistungen<\/a>\n\t\t\t\t\t\t\t\t\t<\/div>\n\t\t\t<\/div> \n\t\t  <\/div><!--- END COL -->\t\t\t\t  \n\t\t<\/div><!--- END ROW -->\n\t<\/div><!--- END CONTAINER -->\n<\/section>\n<!-- END  HOME -->\n\n<\/div><\/div><\/div><\/div><\/section><section class=\"kc-elm kc-css-114743 kc_row\"><div class=\"kc-row-container  kc-container\"><div class=\"kc-wrap-columns\"><div class=\"kc-elm kc-css-26626 kc_col-sm-12 kc_column kc_col-sm-12\"><div class=\"kc-col-container\">\n<!-- START ABOUT CONTENT -->\n<section id=\"about\" class=\"about-content section-padding\">\n\t<div class=\"container\">\n\t\t<div class=\"row text-center\">\n\t\t\t<div class=\"section-title text-center\">\n\t\t\t\t<h1>\u00dcber Hotel-IPTV<\/h1>\n\t\t\t\t<div class=\"icon_wrap\"><i class=\"ti-help\"><\/i><\/div>\n\t\t\t\t\t\t\t\t\t<p>Hotel-IPTV ist ein Service der LVL3 e.U. mit Sitz im Bezirk Kitzb\u00fchel. Unser Schwerpunkt liegt auf der Umsetzung von Hotel-TV-Systemen, durch welche die G\u00e4steerfahrung und das Service des Hotelbetreiber gesteigert werden soll. Nach zahlreichen, erfolgreich umgesetzten solcher TV-L\u00f6sungen innerhalb \u00d6sterreichs, wurde 2021 die Entscheidung getroffen, dieses Service f\u00fcr Kunden auszudehnen und mit zus\u00e4tzlichen Leistungen zu verst\u00e4rken. Unsere mehr als 25 Jahre lange Erfahrung im Bereich Empfangstechnik und Netzwerkl\u00f6sungen bieten dem Kunden ein gro\u00dfes Potential an Know-How in diesem wachsenden Marktsegment der G\u00e4stekommunikation.<\/p>\n\t\t\t\t\t\t\t<\/div>\t\n\t\t\t\t\t\t\n\n\n\t\t<\/div><!--- END ROW -->\n\t<\/div><!--- END CONTAINER -->\n<\/section>\n<!-- END ABOUT CONTENT -->\t\n\n<\/div><\/div><\/div><\/div><\/section><section class=\"kc-elm kc-css-873404 kc_row\"><div class=\"kc-row-container\"><div class=\"kc-wrap-columns\"><div class=\"kc-elm kc-css-966046 kc_col-sm-12 kc_column kc_col-sm-12\"><div class=\"kc-col-container\"><!-- START ABOUT CONTENT TWO -->\t\n<section class=\"about_content_two\"  style=\"background-image: url(https:\/\/www.hotel-iptv.at\/wp-content\/uploads\/2021\/12\/menu_unschaf_dunkel.jpg);  background-size:cover;background-position:center;\">\t\t\t\n\t<div class=\"container-fluid\">\n\t\t<div class=\"row text-center\">\n\t\t\t<div class=\"col-lg-6 col-sm-12 col-xs-12 no-padding\">\n\t\t\t\t<div class=\"single_about_content_two\">\n\t\t\t\t\t<h4>Die Zukunft des Hotel-TV <\/h4>\n\t\t\t\t\t<h1>Neue Wege gehen<\/h1>\n\t\t\t\t\t<p>Durch unsere Technologien verst\u00e4rken Sie Ihr In-House Marketing und nutzen die digitale Kommunikation direkt zum Gast. Hotel-IPTV bietet dem Hotelbetreiber ein reichhaltiges Angebot an Funktionen n\u00e4her am Gast zu sein, ohne jedoch diesen dabei zu st\u00f6ren.\r\n<br><br> - Infokanal<br> - Personalisierte Begr\u00fc\u00dfung<br> - Benutzeroberfl\u00e4che in HD Qualit\u00e4t<br> - Mehrsprachige Men\u00fcf\u00fchrung<br> - Video on Demand \u00fcber Netflix <br> - Rechnungseinsicht<br> - Nachrichtenversand<br> - Roomservice\/Weckruf<br> - Digitale Werbung an:<br><br>Infopoints | Wartebereichen | Aufz\u00fcgen | Au\u00dfenbereichen | Lobby | Spa | uvm ...<\/p>\n\t\t\t\t\t\t\t\t\t\t\t<a href=\"#portfolio\">Produkte <i class=\"fa fa-arrow-right\"><\/i><\/a>\n\t\t\t\t\t\t\t\t\t<\/div>\n\t\t\t<\/div><!-- END COL -->\t\n\t\t<\/div><!-- END ROW -->\n\t<\/div><!-- END CONTAINER -->\t\t\t\n<\/section>\n<!-- END ABOUT CONTENT TWO -->\n<\/div><\/div><\/div><\/div><\/section><section class=\"kc-elm kc-css-891448 kc_row\"><div class=\"kc-row-container\"><div class=\"kc-wrap-columns\"><div class=\"kc-elm kc-css-618735 kc_col-sm-12 kc_column kc_col-sm-12\"><div class=\"kc-col-container\">\n<!-- START ABOUT CONTENT THREE -->\t\n<section class=\"about_content_three\"  style=\"background-image: url(https:\/\/www.hotel-iptv.at\/wp-content\/uploads\/2021\/12\/pcs_channel_braunneu.jpg);  background-size:cover;background-position:center;\">\t\t\t\n\t<div class=\"container-fluid\">\n\t\t<div class=\"row text-center\">\n\t\t\t<div class=\"offset-lg-6 col-lg-6 col-sm-12 col-xs-12 no-padding\">\n\t\t\t\t<div class=\"single_about_content_three\">\n\t\t\t\t\t<h4>Die Zukunft des Hotel-TV <\/h4>\n\t\t\t\t\t<h1>Einfache Administration<\/h1>\n\t\t\t\t\t<p>Unsere Systeme verbinden Leistung und Komfort. Der Komfort spiegelt sich unter Anderem auch in der Administration unserer Technologien wieder. <br><br>Durch einfach zu bedienende Oberfl\u00e4chen ist die Administration kinderleicht: \u00c4nderung der TV-Liste auf allen TV-Ger\u00e4ten mit nur einem Mausklick ersetzen die unz\u00e4hligen Stunden der Haustechnik die man noch aus Zeiten von USB-Sticks kennt. Aber auch die \u00c4nderung von Bildern und Texten sind so einfach gestaltet wie die Bearbeitung eines Word-Dokuments und spart wichtige Ressourcen.<\/p>\n\t\t\t\t\t\t\t\t\t\t\t<a href=\"#portfolio\">Produkte <i class=\"fa fa-arrow-right\"><\/i><\/a>\n\t\t\t\t\t\t\t\t\t<\/div>\n\t\t\t<\/div><!-- END COL -->\t\n\t\t<\/div><!-- END ROW -->\n\t<\/div><!-- END CONTAINER -->\t\t\t\n<\/section>\n<!-- END ABOUT CONTENT THREE -->\n\t\n<\/div><\/div><\/div><\/div><\/section><section class=\"kc-elm kc-css-943512 kc_row\"><div class=\"kc-row-container\"><div class=\"kc-wrap-columns\"><div class=\"kc-elm kc-css-279621 kc_col-sm-12 kc_column kc_col-sm-12\"><div class=\"kc-col-container\"><!-- START PORTFOLIO -->\n<section id=\"portfolio\" class=\"special_package section-padding\">\n\t<div class=\"container-fluid\">\t\t\t\t\t\n\t\t<div class=\"row text-center\">\n\t\t\t<div class=\"section-title\">\n\t\t\t\t<h1>Produkte<\/h1>\n\t\t\t\t<div class=\"icon_wrap\"><i class=\"ti-crown\"><\/i><\/div>\n\t\t\t\t<p>Mit mehr als 10 Premiumpartnern decken wir eine gro\u00dfe Bandbreite an Produkten ab. Zu unseren Premiumpartnern geh\u00f6ren unter Anderem LG, ZyXel, FortiNet, Chief, SMS, 3MS, Google und weitere namhafte Hersteller. Aus der Auswahl dieser Premiumanbieter stellen wir eine 100%ige Kompatibilit\u00e4t der eingesetzten Hersteller und deren Produkte untereinander sicher. Unter st\u00e4ndiger Marktbeobachtung und zahlreichen Tests in unseren hauseigenen Technikabteilungen erweitern wir fortlaufend unsere Angebot und stellen die Funktionalit\u00e4t f\u00fcr unsere Kunden sicher.<\/p>\n\t\t\t<\/div>\t\n\t\t\t\n\t\t\t\n\t\t\t\t\t\t\n\t\t<\/div><!-- END ROW -->\n\t\t\n\t\t\t\t\t<div class=\"row\">\n\t\t\t\t<div class=\"col-lg-12 text-center\">\n\t\t\t\t\t<div class=\"works_btn\">\n\t\t\t\t\t\t<a  class=\"learn_btn\" href=\"#service\">Leistungen <i class=\"fa fa-arrow-right\"><\/i><\/a>\n\t\t\t\t\t<\/div>\n\t\t\t\t<\/div>\n\t\t\t<\/div>\n\t\t\t<\/div><!-- END CONTAINER -->\n<\/section>\n<!-- END PORTFOLIO -->\t\n\n<\/div><\/div><\/div><\/div><\/section><section class=\"kc-elm kc-css-714570 kc_row\"><div class=\"kc-row-container\"><div class=\"kc-wrap-columns\"><div class=\"kc-elm kc-css-246103 kc_col-sm-12 kc_column kc_col-sm-12\"><div class=\"kc-col-container\">\n<!--  START SERVICE -->\n<section id=\"service\" class=\"our_service\">\n\t<div class=\"container\">\n\t\t<div class=\"row\">\n\t\t\t<div class=\"section-title text-center\">\n\t\t\t\t<h1>Unsere Leistungen<\/h1>\n\t\t\t\t<div class=\"icon_wrap\"><i class=\"ti-cup\"><\/i><\/div>\n\t\t\t\t<p>Bei Hotel-IPTV gibt es alles aus einer Hand. Wir unterst\u00fctzen bereits ab der Planung, ermitteln den Bestand und erstellen auf Basis dieser Informationen und des Kundenbedarfs ein individuelles Angebot. Die Ausf\u00fchrung, Installation und Einrichtung ist Hauptbestandteil unserer Leistungen und umfasst ebenso die Integration bestehender Systeme.<br><br>Umfassende Leistungsangebote wie die Montage von Empfangseinrichtungen, die Verkabelung und Erstellung von Netzwerkinfrastrukturen, Einsatz von Langstrecken\u00fcbertragungstechnologien, aber auch die Montage der Endger\u00e4te runden unser Angebot zum Koplettanbieter ab.<br><br>Beschaffung | Montage | Errichtung | Sicherheit | Integration | Gestaltung | Wartung<\/p>\n\t\t\t<\/div>\t\n\t\t\t\n\t\t\t\n\t\t\t\t\t\t\t\t\n\t\t<\/div><!--- END ROW -->\n\t<\/div><!--- END CONTAINER -->\n<\/section>\n<!-- END SERVICE -->\n\n<\/div><\/div><\/div><\/div><\/section><section class=\"kc-elm kc-css-331470 kc_row\"><div class=\"kc-row-container\"><div class=\"kc-wrap-columns\"><div class=\"kc-elm kc-css-51725 kc_col-sm-12 kc_column kc_col-sm-12\"><div class=\"kc-col-container\">\n<!-- START TESTIMONIAL -->\n<section class=\"testimonial-demo section-padding\">\n\t<div class=\"container\">\t\t\t\n\t\t<div class=\"row\">\n\t\t\t<div class=\"section-title text-center\">\n\t\t\t\t<h1>Referenz<\/h1>\n\t\t\t\t<div class=\"icon_wrap\"><i class=\"ti-book\"><\/i><\/div>\n\t\t\t\t<p>Gerne legen wir Referenzen \u00fcber unsere Projekte bei einem pers\u00f6nlichen Gespr\u00e4ch vor. Aufgrund des Datenschutzes und der Diskretion unserer Kunden gegen\u00fcber verzichten wir jedoch auf einer Bewerbung auf dieser Seite.\r\n\r\nUm Ihnen dennoch eine Referenz \u00fcber eines unserer spannendsten Projekte zu berichten, geben wir Ihnen einen kleinen Einblick:\r\n\r\n<br><br>Im Q4 2021 durften wir einen Gro\u00dfen Integrationskunden bei der Umsetzung eines Prestigeobjektes unterst\u00fctzen: In Abstimmung mit dem Integrator und dem Endkunden \u00fcbernahmen wir die komplette Planung und Umsetzung einer neuen Hotel-L\u00f6sung, welche ein veraltetes System ersetzt hat. Die Umsetzung erforderte, dass 4 Geb\u00e4ude des Hotelbetreibers \u00fcber bestehende Glasfaserstrecken verbunden werden mussten, wobei sich aufgrund der Nachr\u00fcstungen \u00fcber Jahre hinweg unterschiedliche Technologien entwickelt haben. So mussten DarkFiber-Singlemode und Multimode Technologien miteinander vernetzt werden, wobei wir uns hier auf Ausfallsicherheit durch Redundanz festgelegt haben. <br><br>Somit konnte erreicht werden, dass dem Betreiber durch diese Umstellung hohe Folgekosten f\u00fcr die Errichtung mehrerer Kopfstellen und ein fragmentiertes Verwaltungssystem erspart blieben. Die TV-Programme werden nun zentral entschl\u00fcsselt im Haupthaus des Hotelbetreibers durch eine IPTV Kopfstelle empfangen und an alle seine H\u00e4user \u00fcber IP-Multicast an die Endger\u00e4te \u00fcbertragen.<br><br>Am Ende des Tages wurde somit eine einzigartige L\u00f6sung an den Kunden \u00fcbergeben, welche nun zentral alle H\u00e4user erreichen und administrieren kann. Die Integration von Netflix (kostenlos f\u00fcr den Hotelbetreiber) rundete das Angebot zus\u00e4tzlich ab und wir k\u00f6nnen nun stolz behaupten, der in \u00d6sterreich erste Anbieter zu sein, der gemeinsam mit Netflix offiziell und gewerblich seit \u00d6ffnung seiner Plattform f\u00fcr Hotelbetreiber eingesetzt hat.<\/p>\n\t\t\t<\/div>\t\t\t\t\t\n\t\t\t<div class=\"col-md-12\">\n\t\t\t\t<div id=\"testimonial-slider\" class=\"owl-carousel\">\n\t\t\t\t\t\t\t\t\t\n\t\t\t\n\t\t\t\t<\/div>\n\t\t\t<\/div>\n\t\t<\/div>\n\t<\/div>\n<\/section>\n<!-- END TESTIMONIAL -->\n\n<\/div><\/div><\/div><\/div><\/section><section class=\"kc-elm kc-css-615253 kc_row\"><div class=\"kc-row-container\"><div class=\"kc-wrap-columns\"><div class=\"kc-elm kc-css-639598 kc_col-sm-12 kc_column kc_col-sm-12\"><div class=\"kc-col-container\">\n<!-- START PROMOTION -->\t\n<section class=\"promotional_offer\" style=\"background-image: url(https:\/\/www.hotel-iptv.at\/wp-content\/uploads\/2021\/12\/server-2160321-scaled.jpg);  background-size:cover;background-position:center;background-attachment:fixed;\">\t\t\t\n\t<div class=\"container\">\n\t\t<div class=\"row text-center\">\n\t\t\t<div class=\"col-lg-12 col-sm-12 col-xs-12\">\n\t\t\t\t<div class=\"single_offer\">\n\t\t\t\t\t<h4><\/h4>\n\t\t\t\t\t<h1>Beschaffung | Montage | Errichtung<\/h1>\n\t\t\t\t\t<p>In enger Zusammenarbeit mit Herstellern und Lieferanten, erreichen wir eine hohe Leistungsf\u00e4higkeit in der Beschaffung unserer Produkte. Auch in Zeiten von mangelnder Lieferf\u00e4higkeit durch Chipknappheit und Schiffsungl\u00fccken waren wir aufgrund Voraussicht und st\u00e4ndiger Analysen immer kurzfristig lieferf\u00e4hig. Unser Montageteam arbeitet sauber, schnell und effizient und zeichnet sich zust\u00e4ndig f\u00fcr die Montage und Errichtung aller Gewerke von der Empfangsanlage \u00fcber das Netzwerk bis zum Endger\u00e4t.<\/p>\n\t\t\t\t\t<div class=\"single_offer_btn\">\n\t\t\t\t\t\t\t\t\t\t\t\t\t<a  class=\"learn_btn\" href=\"#service\">Leistungen<\/a>\n\t\t\t\t\t\t\t\t\t\t\t\t\t<a class=\"get_btn\" href=\"#pricing\">Finanzierung<\/a>\n\t\t\t\t\t\t\t\t\t\t\t<\/div>\n\t\t\t\t<\/div>\n\t\t\t<\/div><!-- END COL -->\t\n\t\t<\/div><!-- END ROW -->\n\t<\/div><!-- END CONTAINER -->\t\t\t\n<\/section>\n<!-- END PROMOTION -->\n\n<\/div><\/div><\/div><\/div><\/section><section class=\"kc-elm kc-css-377596 kc_row\"><div class=\"kc-row-container  kc-container\"><div class=\"kc-wrap-columns\"><div class=\"kc-elm kc-css-683128 kc_col-sm-12 kc_column kc_col-sm-12\"><div class=\"kc-col-container\">\n<!-- START TEAM -->\n<section id=\"team\" class=\"Our_team section-padding\">\n\t<div class=\"container\">\n\t\t<div class=\"row\">\n\t\t\t<div class=\"section-title text-center\">\n\t\t\t\t<h1>Sicherheit und Integration<\/h1>\n\t\t\t\t<div class=\"icon_wrap\"><i class=\"ti-alert\"><\/i><\/div>\n\t\t\t\t<p>Unsere Systeme unterliegen sehr strengen internen Richtlinien und gew\u00e4hren jederzeit h\u00f6chstm\u00f6glichen Datenschutz. Gemeinsam mit einem auf Sicherheit spezialisierten Partner f\u00fcr Netzwerke und Infrastruktur erreichen wir einen \u00fcberdurchschnittlich hohen Standard an Systemsicherheit- und Stabilit\u00e4t.<br><br>Wir \u00fcbernehmen auch die Integration bestehender Systeme, wie z.B. das hausinterne PMS f\u00fcr die Kommunikation zwischen der Rezeption und dem TV-Ger\u00e4t im Hotelzimmer.<\/p>\n\t\t\t<\/div>\t\t\t\t\t\t\n\t\t\t<div class=\"col-md-12\">\n\t\t\t\t<div id=\"team-slider\" class=\"owl-carousel\">\n\t\t\t\t\t\t\t\t\n\t\t\t\t\t\n\t\t\t\t<\/div>\t\t\t\n\t\t\t<\/div><!-- END COL -->\n\t\t<\/div><!-- END ROW -->\n\t<\/div><!-- END CONTAINER -->\n<\/section>\t\n<!-- END TEAM -->\n\n<\/div><\/div><\/div><\/div><\/section><section class=\"kc-elm kc-css-67985 kc_row\"><div class=\"kc-row-container\"><div class=\"kc-wrap-columns\"><div class=\"kc-elm kc-css-31013 kc_col-sm-12 kc_column kc_col-sm-12\"><div class=\"kc-col-container\">\n<!-- START PROMOTION -->\t\n<section class=\"promotional_offer\" style=\"background-image: url(https:\/\/www.hotel-iptv.at\/wp-content\/uploads\/2021\/12\/laptop-2557586_1920.jpg);  background-size:cover;background-position:center;background-attachment:fixed;\">\t\t\t\n\t<div class=\"container\">\n\t\t<div class=\"row text-center\">\n\t\t\t<div class=\"col-lg-12 col-sm-12 col-xs-12\">\n\t\t\t\t<div class=\"single_offer\">\n\t\t\t\t\t<h4>Blick \u00fcber den Tellerrand<\/h4>\n\t\t\t\t\t<h1>Gestaltung und Wartung<\/h1>\n\t\t\t\t\t<p>Als Komplettanbieter h\u00f6rt unsere Leitung nicht mit \u00dcbergabe der Montagearbeiten und der Inbetriebnahme auf. Wir blicken \u00fcber den Tellerrand hinaus und begleiten unsere Kunden noch weit dar\u00fcber hinaus. Wir bieten von der fortlaufenden Verwaltung der Ger\u00e4te, Gestaltung und Aktualisierung der Men\u00fcoberfl\u00e4chen bis zur Wartung aller Gewerke \u00fcbe eine definierte Laufzeit ein Mehr an Leistung an.<\/p>\n\t\t\t\t\t<div class=\"single_offer_btn\">\n\t\t\t\t\t\t\t\t\t\t\t\t\t<a  class=\"learn_btn\" href=\"#portfolio\">Produkte<\/a>\n\t\t\t\t\t\t\t\t\t\t\t\t\t<a class=\"get_btn\" href=\"#pricing\">Finanzierung<\/a>\n\t\t\t\t\t\t\t\t\t\t\t<\/div>\n\t\t\t\t<\/div>\n\t\t\t<\/div><!-- END COL -->\t\n\t\t<\/div><!-- END ROW -->\n\t<\/div><!-- END CONTAINER -->\t\t\t\n<\/section>\n<!-- END PROMOTION -->\n\n<\/div><\/div><\/div><\/div><\/section><section class=\"kc-elm kc-css-730195 kc_row\"><div class=\"kc-row-container\"><div class=\"kc-wrap-columns\"><div class=\"kc-elm kc-css-820613 kc_col-sm-12 kc_column kc_col-sm-12\"><div class=\"kc-col-container\">\n<!-- START TESTIMONIAL -->\n<section class=\"testimonial-demo section-padding\">\n\t<div class=\"container\">\t\t\t\n\t\t<div class=\"row\">\n\t\t\t<div class=\"section-title text-center\">\n\t\t\t\t<h1>Referenz<\/h1>\n\t\t\t\t<div class=\"icon_wrap\"><i class=\"ti-book\"><\/i><\/div>\n\t\t\t\t<p>Gerne legen wir Referenzen \u00fcber unsere Projekte bei einem pers\u00f6nlichen Gespr\u00e4ch vor. Aufgrund des Datenschutzes und der Diskretion unserer Kunden gegen\u00fcber verzichten wir jedoch auf einer Bewerbung auf dieser Seite.\r\n\r\nUm Ihnen dennoch eine Referenz \u00fcber eines unserer spannendsten Projekte zu berichten, geben wir Ihnen einen kleinen Einblick:\r\n\r\n<br><br>Im Q4 2021 durften wir einen Gro\u00dfen Integrationskunden bei der Umsetzung eines Prestigeobjektes unterst\u00fctzen: In Abstimmung mit dem Integrator und dem Endkunden \u00fcbernahmen wir die komplette Planung und Umsetzung einer neuen Hotel-L\u00f6sung, welche ein veraltetes System ersetzt hat. Die Umsetzung erforderte, dass 4 Geb\u00e4ude des Hotelbetreibers \u00fcber bestehende Glasfaserstrecken verbunden werden mussten, wobei sich aufgrund der Nachr\u00fcstungen \u00fcber Jahre hinweg unterschiedliche Technologien entwickelt haben. So mussten DarkFiber-Singlemode und Multimode Technologien miteinander vernetzt werden, wobei wir uns hier auf Ausfallsicherheit durch Redundanz festgelegt haben. <br><br>Somit konnte erreicht werden, dass dem Betreiber durch diese Umstellung hohe Folgekosten f\u00fcr die Errichtung mehrerer Kopfstellen und ein fragmentiertes Verwaltungssystem erspart blieben. Die TV-Programme werden nun zentral entschl\u00fcsselt im Haupthaus des Hotelbetreibers durch eine IPTV Kopfstelle empfangen und an alle seine H\u00e4user \u00fcber IP-Multicast an die Endger\u00e4te \u00fcbertragen.<br><br>Am Ende des Tages wurde somit eine einzigartige L\u00f6sung an den Kunden \u00fcbergeben, welche nun zentral alle H\u00e4user erreichen und administrieren kann. Die Integration von Netflix (kostenlos f\u00fcr den Hotelbetreiber) rundete das Angebot zus\u00e4tzlich ab und wir k\u00f6nnen nun stolz behaupten, der in \u00d6sterreich erste Anbieter zu sein, der gemeinsam mit Netflix offiziell und gewerblich seit \u00d6ffnung seiner Plattform f\u00fcr Hotelbetreiber eingesetzt hat.<\/p>\n\t\t\t<\/div>\t\t\t\t\t\n\t\t\t<div class=\"col-md-12\">\n\t\t\t\t<div id=\"testimonial-slider\" class=\"owl-carousel\">\n\t\t\t\t\t\t\t\t\t\n\t\t\t\n\t\t\t\t<\/div>\n\t\t\t<\/div>\n\t\t<\/div>\n\t<\/div>\n<\/section>\n<!-- END TESTIMONIAL -->\n\n<\/div><\/div><\/div><\/div><\/section><section class=\"kc-elm kc-css-197534 kc_row\"><div class=\"kc-row-container\"><div class=\"kc-wrap-columns\"><div class=\"kc-elm kc-css-554097 kc_col-sm-12 kc_column kc_col-sm-12\"><div class=\"kc-col-container\">\n<!-- START PARTNER LOGO -->\n<section class=\"partner-logo section-padding\">\n\t<div class=\"container\">\t\t\t\n\t\t<div class=\"row text-center\">\n\t\t\t\t\t\n\n\t\t<\/div><!--- END ROW -->\n\t<\/div><!--- END CONTAINER -->\t\n<\/section>\n<!-- END PARTNER LOGO -->\t\n\n<\/div><\/div><\/div><\/div><\/section><section class=\"kc-elm kc-css-298985 kc_row\"><div class=\"kc-row-container\"><div class=\"kc-wrap-columns\"><div class=\"kc-elm kc-css-245172 kc_col-sm-12 kc_column kc_col-sm-12\"><div class=\"kc-col-container\">\n<!-- START COUNTER -->\t\n<section class=\"counter_feature section-padding\"  style=\"background-image: url(https:\/\/www.hotel-iptv.at\/wp-content\/uploads\/2021\/12\/receptionists-5975962_1920.jpg);  background-size:cover;background-position:center;background-attachment:fixed;\">\t\t\t\n\t<div class=\"container\">\n\t\t<div class=\"row text-center\">\n\t\n\t\n\t\t<div class=\"col-md-3 col-sm-6 col-xs-12\">\n\t\t\t<div class=\"counter\">\n\t\t\t\t<div class=\"single_counter\">\n\t\t\t\t\t<h2 class=\"timer\"> 365<\/h2> \n\t\t\t\t<\/div> \n\t\t\t\t<p>Tage Support<\/p>\n\t\t\t <\/div>\n\t\t<\/div> <!--- END COL -->  \n\t\t\n\t\t\n\t\n\t\t<div class=\"col-md-3 col-sm-6 col-xs-12\">\n\t\t\t<div class=\"counter\">\n\t\t\t\t<div class=\"single_counter\">\n\t\t\t\t\t<h2 class=\"timer\"> 24<\/h2> \n\t\t\t\t<\/div> \n\t\t\t\t<p>Stunden \/ Tag<\/p>\n\t\t\t <\/div>\n\t\t<\/div> <!--- END COL -->  \n\t\t\n\t\t\n\t\n\t\t<div class=\"col-md-3 col-sm-6 col-xs-12\">\n\t\t\t<div class=\"counter\">\n\t\t\t\t<div class=\"single_counter\">\n\t\t\t\t\t<h2 class=\"timer\"> 90<\/h2> \n\t\t\t\t<\/div> \n\t\t\t\t<p>+ unterst\u00fctze PMS Systeme<\/p>\n\t\t\t <\/div>\n\t\t<\/div> <!--- END COL -->  \n\t\t\n\t\t\n\t\n\t\t<div class=\"col-md-3 col-sm-6 col-xs-12\">\n\t\t\t<div class=\"counter\">\n\t\t\t\t<div class=\"single_counter\">\n\t\t\t\t\t<h2 class=\"timer\"> 10<\/h2> \n\t\t\t\t<\/div> \n\t\t\t\t<p>+ Premium Lieferanten<\/p>\n\t\t\t <\/div>\n\t\t<\/div> <!--- END COL -->  \n\t\t\n\t\t\t\n \n\t\t<\/div><!-- END ROW -->\n\t<\/div><!-- END CONTAINER -->\t\t\t\n<\/section>\n<!-- END COUNTER -->\t\n<\/div><\/div><\/div><\/div><\/section><section class=\"kc-elm kc-css-337221 kc_row\"><div class=\"kc-row-container\"><div class=\"kc-wrap-columns\"><div class=\"kc-elm kc-css-963326 kc_col-sm-12 kc_column kc_col-sm-12\"><div class=\"kc-col-container\">\n<!-- START PRICING  -->\n<section id=\"pricing\" class=\"our_pricing section-padding\">\n\t<div class=\"container\">\n\t\t<div class=\"row\">\n\t\t\t<div class=\"section-title text-center\">\n\t\t\t\t<h1>Finanzierung<\/h1>\n\t\t\t\t<div class=\"icon_wrap\"><i class=\"ti-money\"><\/i><\/div>\n\t\t\t\t<p>Gemeinsam mit lokalen und bundesweiten Finanzdienstleistern bieten wir unterschiedliche Finanzierungsmodelle von Finanzierungsleasing bis zum Mietleasing an. Dabei setzen wir auch hier auf langj\u00e4hrige Partnerschaften und starke Anbieter. Unsere Finanzierungsmodelle werden ausreichend versichert und bieten beiden Seiten der Gesch\u00e4ftsbeziehung finanzielle Stabilit\u00e4t.<br>Gerne informieren wir gemeinsam mit unseren Dienstleistern auch \u00fcber weitere Finanzierungsm\u00f6glichkeiten.<\/p>\n\t\t\t<\/div>\t\n\t\t\t\t\t\t\n\n\t\t<\/div><!--END  ROW  -->\n\t<\/div><!-- END CONTAINER  -->\n<\/section>\n<!-- END PRICING -->\n<\/div><\/div><\/div><\/div><\/section><section class=\"kc-elm kc-css-254561 kc_row\"><div class=\"kc-row-container\"><div class=\"kc-wrap-columns\"><div class=\"kc-elm kc-css-958587 kc_col-sm-12 kc_column kc_col-sm-12\"><div class=\"kc-col-container\">\n<!-- START BLOG  -->\n<div id=\"blog\" class=\"our-blog section-padding\">\n\t<div class=\"container\">\t\t\t\t\n\t\t<div class=\"row\">\n\t\t\t<div class=\"section-title text-center\">\n\t\t\t\t<h1>Latest news<\/h1>\n\t\t\t\t<div class=\"icon_wrap\"><i class=\"ti-share\"><\/i><\/div>\n\t\t\t\t<p>Lorem ipsum dolor sit amet, consectetur adipiscing elit. Fusce vitae risus nec dui venenatis dignissim. Aenean vitae metus in augue pretium ultrices. Duis dictum eget dolor vel blandit.<\/p>\n\t\t\t<\/div>\t\n\t\t\t\n\t\t\t\t\n\t\t<\/div><!--END  ROW  -->\n\t<\/div><!-- END CONTAINER  -->\n<\/div>\n<!-- END BLOG -->\n\n\t\t\n<\/div><\/div><\/div><\/div><\/section><section class=\"kc-elm kc-css-791939 kc_row\"><div class=\"kc-row-container  kc-container\"><div class=\"kc-wrap-columns\"><div class=\"kc-elm kc-css-758177 kc_col-sm-2 kc_column kc_col-sm-2\"><div class=\"kc-col-container\"><div class=\"kc-elm kc-css-96868 kc_shortcode kc_single_image\">\n\n        <img decoding=\"async\" src=\"https:\/\/www.hotel-iptv.at\/wp-content\/uploads\/2021\/12\/lg_small.jpg\" class=\"\" alt=\"\" \/>    <\/div>\n<\/div><\/div><div class=\"kc-elm kc-css-771251 kc_col-sm-2 kc_column kc_col-sm-2\"><div class=\"kc-col-container\"><div class=\"kc-elm kc-css-976864 kc_shortcode kc_single_image\">\n\n        <img decoding=\"async\" src=\"https:\/\/www.hotel-iptv.at\/wp-content\/uploads\/2021\/12\/zyxel_small.jpg\" class=\"\" alt=\"\" \/>    <\/div>\n<\/div><\/div><div class=\"kc-elm kc-css-182242 kc_col-sm-2 kc_column kc_col-sm-2\"><div class=\"kc-col-container\"><div class=\"kc-elm kc-css-642744 kc_shortcode kc_single_image\">\n\n        <img decoding=\"async\" src=\"https:\/\/www.hotel-iptv.at\/wp-content\/uploads\/2021\/12\/fortinet_small.jpg\" class=\"\" alt=\"\" \/>    <\/div>\n<\/div><\/div><div class=\"kc-elm kc-css-429883 kc_col-sm-2 kc_column kc_col-sm-2\"><div class=\"kc-col-container\"><div class=\"kc-elm kc-css-246356 kc_shortcode kc_single_image\">\n\n        <img decoding=\"async\" src=\"https:\/\/www.hotel-iptv.at\/wp-content\/uploads\/2021\/12\/chief_small.jpg\" class=\"\" alt=\"\" \/>    <\/div>\n<\/div><\/div><div class=\"kc-elm kc-css-487983 kc_col-sm-2 kc_column kc_col-sm-2\"><div class=\"kc-col-container\"><div class=\"kc-elm kc-css-284678 kc_shortcode kc_single_image\">\n\n        <img decoding=\"async\" src=\"https:\/\/www.hotel-iptv.at\/wp-content\/uploads\/2021\/12\/google_small.jpg\" class=\"\" alt=\"\" \/>    <\/div>\n<\/div><\/div><div class=\"kc-elm kc-css-731814 kc_col-sm-2 kc_column kc_col-sm-2\"><div class=\"kc-col-container\"><div class=\"kc-elm kc-css-991280 kc_shortcode kc_single_image\">\n\n        <img decoding=\"async\" src=\"https:\/\/www.hotel-iptv.at\/wp-content\/uploads\/2021\/12\/3ms_small.jpg\" class=\"\" alt=\"\" \/>    <\/div>\n<\/div><\/div><\/div><\/div><\/section><\/p>\n","protected":false},"excerpt":{"rendered":"","protected":false},"author":1,"featured_media":0,"parent":0,"menu_order":0,"comment_status":"closed","ping_status":"closed","template":"kc-template.php","meta":{"footnotes":""},"class_list":["post-100","page","type-page","status-publish","hentry"],"_links":{"self":[{"href":"https:\/\/www.hotel-iptv.at\/index.php?rest_route=\/wp\/v2\/pages\/100","targetHints":{"allow":["GET"]}}],"collection":[{"href":"https:\/\/www.hotel-iptv.at\/index.php?rest_route=\/wp\/v2\/pages"}],"about":[{"href":"https:\/\/www.hotel-iptv.at\/index.php?rest_route=\/wp\/v2\/types\/page"}],"author":[{"embeddable":true,"href":"https:\/\/www.hotel-iptv.at\/index.php?rest_route=\/wp\/v2\/users\/1"}],"replies":[{"embeddable":true,"href":"https:\/\/www.hotel-iptv.at\/index.php?rest_route=%2Fwp%2Fv2%2Fcomments&post=100"}],"version-history":[{"count":121,"href":"https:\/\/www.hotel-iptv.at\/index.php?rest_route=\/wp\/v2\/pages\/100\/revisions"}],"predecessor-version":[{"id":559,"href":"https:\/\/www.hotel-iptv.at\/index.php?rest_route=\/wp\/v2\/pages\/100\/revisions\/559"}],"wp:attachment":[{"href":"https:\/\/www.hotel-iptv.at\/index.php?rest_route=%2Fwp%2Fv2%2Fmedia&parent=100"}],"curies":[{"name":"wp","href":"https:\/\/api.w.org\/{rel}","templated":true}]}}